{"id":129,"date":"2025-01-18T14:12:39","date_gmt":"2025-01-18T14:12:39","guid":{"rendered":"https:\/\/bajavip.club\/?page_id=129"},"modified":"2025-07-03T16:10:21","modified_gmt":"2025-07-03T16:10:21","slug":"new-merchant-registration","status":"publish","type":"page","link":"https:\/\/bajavip.club\/es\/new-merchant-registration\/","title":{"rendered":"Consiga m\u00e1s clientes, aumente las ventas y fidelice a sus clientes con Baja VIP Club Pass"},"content":{"rendered":"<div data-elementor-type=\"wp-page\" data-elementor-id=\"129\" class=\"elementor elementor-129\" data-elementor-post-type=\"page\">\n\t\t\t\t<div class=\"elementor-element elementor-element-e2ea582 e-flex e-con-boxed e-con e-parent\" data-id=\"e2ea582\" data-element_type=\"container\" data-settings=\"{&quot;background_background&quot;:&quot;classic&quot;}\">\n\t\t\t\t\t<div class=\"e-con-inner\">\n\t\t<div class=\"elementor-element elementor-element-6f463ec e-con-full e-flex e-con e-child\" data-id=\"6f463ec\" data-element_type=\"container\">\n\t\t\t\t<div class=\"elementor-element elementor-element-46a2cb7 elementor-widget elementor-widget-image\" data-id=\"46a2cb7\" data-element_type=\"widget\" data-widget_type=\"image.default\">\n\t\t\t\t<div class=\"elementor-widget-container\">\n\t\t\t\t\t\t\t\t\t\t\t\t\t\t\t<img fetchpriority=\"high\" decoding=\"async\" width=\"1280\" height=\"720\" src=\"https:\/\/bajavip.club\/wp-content\/uploads\/2025\/04\/BDC-Home-Page-Slider-14.jpg\" class=\"attachment-full size-full wp-image-1629\" alt=\"\" srcset=\"https:\/\/bajavip.club\/wp-content\/uploads\/2025\/04\/BDC-Home-Page-Slider-14.jpg 1280w, https:\/\/bajavip.club\/wp-content\/uploads\/2025\/04\/BDC-Home-Page-Slider-14-300x169.jpg 300w, https:\/\/bajavip.club\/wp-content\/uploads\/2025\/04\/BDC-Home-Page-Slider-14-1024x576.jpg 1024w, https:\/\/bajavip.club\/wp-content\/uploads\/2025\/04\/BDC-Home-Page-Slider-14-768x432.jpg 768w, https:\/\/bajavip.club\/wp-content\/uploads\/2025\/04\/BDC-Home-Page-Slider-14-18x10.jpg 18w\" sizes=\"(max-width: 1280px) 100vw, 1280px\" \/>\t\t\t\t\t\t\t\t\t\t\t\t\t\t\t<\/div>\n\t\t\t\t<\/div>\n\t\t\t\t<\/div>\n\t\t<div class=\"elementor-element elementor-element-9a55186 e-con-full e-flex e-con e-child\" data-id=\"9a55186\" data-element_type=\"container\">\n\t\t\t\t<div class=\"elementor-element elementor-element-fc8b53a elementor-widget elementor-widget-heading\" data-id=\"fc8b53a\" data-element_type=\"widget\" data-widget_type=\"heading.default\">\n\t\t\t\t<div class=\"elementor-widget-container\">\n\t\t\t\t\t<h2 class=\"elementor-heading-title elementor-size-default\">Registre su empresa y consiga m\u00e1s ventas ahora<\/h2>\t\t\t\t<\/div>\n\t\t\t\t<\/div>\n\t\t\t\t<div class=\"elementor-element elementor-element-b14426d elementor-widget elementor-widget-text-editor\" data-id=\"b14426d\" data-element_type=\"widget\" data-widget_type=\"text-editor.default\">\n\t\t\t\t<div class=\"elementor-widget-container\">\n\t\t\t\t\t\t\t\t\t<p>Programe una llamada con nuestros expertos en marketing y le ayudaremos a desarrollar el mejor plan de acci\u00f3n utilizando nuestro potente sistema que le traer\u00e1 m\u00e1s clientes - O - simplemente haga clic en <a href=\"https:\/\/bajavip.club\/es\/add-listing\/merchants\/\">a\u00f1ada su anuncio<\/a> \u00a1Ya!<\/p>\t\t\t\t\t\t\t\t<\/div>\n\t\t\t\t<\/div>\n\t\t\t\t<\/div>\n\t\t\t\t\t<\/div>\n\t\t\t\t<\/div>\n\t\t<div class=\"elementor-element elementor-element-7f7ed23 e-flex e-con-boxed e-con e-parent\" data-id=\"7f7ed23\" data-element_type=\"container\" data-settings=\"{&quot;background_background&quot;:&quot;classic&quot;}\">\n\t\t\t\t\t<div class=\"e-con-inner\">\n\t\t\t\t<div class=\"elementor-element elementor-element-9cbfe2d elementor-widget-divider--view-line elementor-widget elementor-widget-divider\" data-id=\"9cbfe2d\" data-element_type=\"widget\" data-widget_type=\"divider.default\">\n\t\t\t\t<div class=\"elementor-widget-container\">\n\t\t\t\t\t\t\t<div class=\"elementor-divider\">\n\t\t\t<span class=\"elementor-divider-separator\">\n\t\t\t\t\t\t<\/span>\n\t\t<\/div>\n\t\t\t\t\t\t<\/div>\n\t\t\t\t<\/div>\n\t\t\t\t<div class=\"elementor-element elementor-element-7268ba9 elementor-align-center elementor-widget elementor-widget-button\" data-id=\"7268ba9\" data-element_type=\"widget\" data-widget_type=\"button.default\">\n\t\t\t\t<div class=\"elementor-widget-container\">\n\t\t\t\t\t\t\t\t\t<div class=\"elementor-button-wrapper\">\n\t\t\t\t\t<a class=\"elementor-button elementor-button-link elementor-size-sm\" href=\"https:\/\/calendly.com\/martinontiveros\/30min\">\n\t\t\t\t\t\t<span class=\"elementor-button-content-wrapper\">\n\t\t\t\t\t\t<span class=\"elementor-button-icon\">\n\t\t\t\t<svg aria-hidden=\"true\" class=\"e-font-icon-svg e-fas-phone-alt\" viewbox=\"0 0 512 512\" xmlns=\"http:\/\/www.w3.org\/2000\/svg\"><path d=\"M497.39 361.8l-112-48a24 24 0 0 0-28 6.9l-49.6 60.6A370.66 370.66 0 0 1 130.6 204.11l60.6-49.6a23.94 23.94 0 0 0 6.9-28l-48-112A24.16 24.16 0 0 0 122.6.61l-104 24A24 24 0 0 0 0 48c0 256.5 207.9 464 464 464a24 24 0 0 0 23.4-18.6l24-104a24.29 24.29 0 0 0-14.01-27.6z\"><\/path><\/svg>\t\t\t<\/span>\n\t\t\t\t\t\t\t\t\t<span class=\"elementor-button-text\">Programe ahora una llamada de descubrimiento gratuita<\/span>\n\t\t\t\t\t<\/span>\n\t\t\t\t\t<\/a>\n\t\t\t\t<\/div>\n\t\t\t\t\t\t\t\t<\/div>\n\t\t\t\t<\/div>\n\t\t\t\t\t<\/div>\n\t\t\t\t<\/div>\n\t\t<div class=\"elementor-element elementor-element-7937e0e6 e-flex e-con-boxed e-con e-parent\" data-id=\"7937e0e6\" data-element_type=\"container\">\n\t\t\t\t\t<div class=\"e-con-inner\">\n\t\t\t\t<div class=\"elementor-element elementor-element-62a59b9d elementor-widget elementor-widget-text-editor\" data-id=\"62a59b9d\" data-element_type=\"widget\" data-widget_type=\"text-editor.default\">\n\t\t\t\t<div class=\"elementor-widget-container\">\n\t\t\t\t\t\t\t\t\t\n<h5 style=\"text-align: left;\">Como comerciante en Baja, usted sabe lo competitivo que puede ser el mercado. El Baja VIP Club Pass es su oportunidad de oro para destacar, atraer a m\u00e1s clientes y aumentar sus ingresos, al tiempo que crea lealtad a largo plazo.<\/h5>\n<p style=\"text-align: left;\">A continuaci\u00f3n le explicamos por qu\u00e9 asociarse con nosotros es la opci\u00f3n m\u00e1s inteligente para su empresa:<\/p>\n<h4 class=\"wp-block-heading\" style=\"text-align: left;\"><strong>1. Dirija el tr\u00e1fico a su empresa<\/strong><\/h4>\n\n<p style=\"text-align: left;\">Nuestros miembros buscan activamente grandes ofertas y negocios confiables en Baja. Al ofrecer un descuento exclusivo a trav\u00e9s del Baja VIP Club, est\u00e1s posicionando tu negocio como un destino de visita obligada para locales, expatriados y turistas por igual.<\/p>\n<h4 class=\"wp-block-heading\" style=\"text-align: left;\"><strong>2. Ampl\u00ede su base de clientes<\/strong><\/h4>\n\n<p style=\"text-align: left;\">Con el amplio marketing del Baja VIP Club, que incluye promociones en l\u00ednea, campa\u00f1as en redes sociales y asociaciones con personas influyentes locales, su negocio ser\u00e1 presentado a miles de clientes potenciales que de otro modo no le habr\u00edan encontrado.<\/p>\n<h4 class=\"wp-block-heading\" style=\"text-align: left;\"><strong>3. Fidelizar a los clientes<\/strong><\/h4>\n\n<p style=\"text-align: left;\">Es m\u00e1s probable que los afiliados vuelvan a las empresas que les ofrecen valor. Su participaci\u00f3n le ayudar\u00e1 a establecer relaciones duraderas con clientes satisfechos que volver\u00e1n y traer\u00e1n a sus amigos.<\/p>\n<h4 class=\"wp-block-heading\" style=\"text-align: left;\"><strong>4. Aumente su reputaci\u00f3n<\/strong><\/h4>\n\n<p style=\"text-align: left;\">Como socio, su empresa ser\u00e1 vista como partidaria de la comunidad y la econom\u00eda locales, lo que mejorar\u00e1 su reputaci\u00f3n entre residentes y visitantes.<\/p>\n<h4 class=\"wp-block-heading\" style=\"text-align: left;\"><strong>5. Sin costes iniciales<\/strong><\/h4>\n\n<p style=\"text-align: left;\">Unirse al programa Baja VIP Club no conlleva ning\u00fan riesgo. Nosotros nos encargamos del marketing, la captaci\u00f3n de titulares y la promoci\u00f3n; usted s\u00f3lo tiene que ofrecer un descuento a los titulares y disfrutar del aumento del tr\u00e1fico.<\/p>\n<h4 class=\"wp-block-heading\" style=\"text-align: left;\"><strong>6. A la medida de sus necesidades<\/strong><\/h4>\n\n<p style=\"text-align: left;\">Trabajamos con usted para crear una oferta de descuento o mejora que se ajuste a sus objetivos empresariales. Tanto si se trata de un porcentaje de descuento, como de una oferta de \"compre uno y ll\u00e9vese otro gratis\" u otro incentivo creativo, nos aseguramos de que resulte atractiva para los clientes y beneficiosa para usted.<\/p>\n<h4 class=\"wp-block-heading\" style=\"text-align: left;\"><strong>\u00bfY ahora qu\u00e9?<\/strong><\/h4>\n\n<p style=\"text-align: left;\">Unirse es sencillo:<\/p>\n\n<ol class=\"wp-block-list\" style=\"text-align: left;\">\n<li><strong>Inscr\u00edbete:<\/strong> P\u00f3ngase en contacto con nuestro equipo para hablar de sus objetivos y concretar su participaci\u00f3n.<\/li>\n\n<li><strong>Destaca:<\/strong> Incluiremos su empresa en nuestro directorio y materiales de marketing.<\/li>\n\n<li><strong>Vea los resultados:<\/strong> Vea c\u00f3mo crece su negocio con cada nuevo miembro.<\/li>\n<\/ol>\n<p style=\"text-align: left;\"><strong>No se pierda esta oportunidad de hacer crecer su negocio y fortalecer su presencia en Baja California.<\/strong><\/p>\n\n<p style=\"text-align: left;\">\ud83d\udcde <a href=\"https:\/\/calendly.com\/martinontiveros\/30min\">Programar una llamada<\/a> \u00a1con nosotros hoy mismo o \ud83d\udce7 env\u00edanos un email a support@bajavip.club para unirte al programa Baja VIP Club y empezar a ver resultados!<\/p>\n\n<p style=\"text-align: left;\">Trabajemos juntos para hacer de su negocio el destino preferido en Baja California.<\/p>\n\t\t\t\t\t\t\t\t<\/div>\n\t\t\t\t<\/div>\n\t\t\t\t\t<\/div>\n\t\t\t\t<\/div>\n\t\t<div class=\"elementor-element elementor-element-8b4482b e-flex e-con-boxed e-con e-parent\" data-id=\"8b4482b\" data-element_type=\"container\">\n\t\t\t\t\t<div class=\"e-con-inner\">\n\t\t\t\t<div class=\"elementor-element elementor-element-cc11b09 elementor-align-center elementor-widget elementor-widget-button\" data-id=\"cc11b09\" data-element_type=\"widget\" data-widget_type=\"button.default\">\n\t\t\t\t<div class=\"elementor-widget-container\">\n\t\t\t\t\t\t\t\t\t<div class=\"elementor-button-wrapper\">\n\t\t\t\t\t<a class=\"elementor-button elementor-button-link elementor-size-sm\" href=\"https:\/\/calendly.com\/martinontiveros\/30min\">\n\t\t\t\t\t\t<span class=\"elementor-button-content-wrapper\">\n\t\t\t\t\t\t<span class=\"elementor-button-icon\">\n\t\t\t\t<svg aria-hidden=\"true\" class=\"e-font-icon-svg e-fas-phone-alt\" viewbox=\"0 0 512 512\" xmlns=\"http:\/\/www.w3.org\/2000\/svg\"><path d=\"M497.39 361.8l-112-48a24 24 0 0 0-28 6.9l-49.6 60.6A370.66 370.66 0 0 1 130.6 204.11l60.6-49.6a23.94 23.94 0 0 0 6.9-28l-48-112A24.16 24.16 0 0 0 122.6.61l-104 24A24 24 0 0 0 0 48c0 256.5 207.9 464 464 464a24 24 0 0 0 23.4-18.6l24-104a24.29 24.29 0 0 0-14.01-27.6z\"><\/path><\/svg>\t\t\t<\/span>\n\t\t\t\t\t\t\t\t\t<span class=\"elementor-button-text\">Programe ahora una llamada de descubrimiento gratuita<\/span>\n\t\t\t\t\t<\/span>\n\t\t\t\t\t<\/a>\n\t\t\t\t<\/div>\n\t\t\t\t\t\t\t\t<\/div>\n\t\t\t\t<\/div>\n\t\t\t\t\t<\/div>\n\t\t\t\t<\/div>\n\t\t\t\t<\/div>","protected":false},"excerpt":{"rendered":"<p>Register your business and drive more sales now Schedule a call with our marketing experts and we will help you develop the best plan of action using our powerful system that will bring more customers to you &#8211; OR &#8211; just click add your listing now! Schedule a Free Discovery Call with Us Now As [&hellip;]<\/p>","protected":false},"author":1,"featured_media":2481,"parent":0,"menu_order":0,"comment_status":"closed","ping_status":"closed","template":"elementor_header_footer","meta":{"_monsterinsights_skip_tracking":false,"_monsterinsights_sitenote_active":false,"_monsterinsights_sitenote_note":"","_monsterinsights_sitenote_category":0,"footnotes":""},"class_list":["post-129","page","type-page","status-publish","has-post-thumbnail","hentry"],"yoast_head":"<!-- This site is optimized with the Yoast SEO plugin v26.8 - https:\/\/yoast.com\/product\/yoast-seo-wordpress\/ -->\n<title>Consiga m\u00e1s clientes, aumente las ventas y fidelice a sus clientes con Baja VIP Club Pass - Baja VIP Club<\/title>\n<meta name=\"robots\" content=\"index, follow, max-snippet:-1, max-image-preview:large, max-video-preview:-1\" \/>\n<link rel=\"canonical\" href=\"https:\/\/bajavip.club\/es\/new-merchant-registration\/\" \/>\n<meta property=\"og:locale\" content=\"es_MX\" \/>\n<meta property=\"og:type\" content=\"article\" \/>\n<meta property=\"og:title\" content=\"Consiga m\u00e1s clientes, aumente las ventas y fidelice a sus clientes con Baja VIP Club Pass - Baja VIP Club\" \/>\n<meta property=\"og:description\" content=\"Register your business and drive more sales now Schedule a call with our marketing experts and we will help you develop the best plan of action using our powerful system that will bring more customers to you &#8211; OR &#8211; just click add your listing now! Schedule a Free Discovery Call with Us Now As [&hellip;]\" \/>\n<meta property=\"og:url\" content=\"https:\/\/bajavip.club\/es\/new-merchant-registration\/\" \/>\n<meta property=\"og:site_name\" content=\"Baja VIP Club\" \/>\n<meta property=\"article:publisher\" content=\"https:\/\/facebook.com\/bajavipclub.mexico\" \/>\n<meta property=\"article:modified_time\" content=\"2025-07-03T16:10:21+00:00\" \/>\n<meta property=\"og:image\" content=\"https:\/\/bajavip.club\/wp-content\/uploads\/2025\/06\/BVC-LOGO-1400x14002-1.png\" \/>\n\t<meta property=\"og:image:width\" content=\"700\" \/>\n\t<meta property=\"og:image:height\" content=\"700\" \/>\n\t<meta property=\"og:image:type\" content=\"image\/png\" \/>\n<meta name=\"twitter:card\" content=\"summary_large_image\" \/>\n<meta name=\"twitter:site\" content=\"@bajavipclub\" \/>\n<meta name=\"twitter:label1\" content=\"Tiempo de lectura\" \/>\n\t<meta name=\"twitter:data1\" content=\"2 minutos\" \/>\n<script type=\"application\/ld+json\" class=\"yoast-schema-graph\">{\"@context\":\"https:\/\/schema.org\",\"@graph\":[{\"@type\":\"WebPage\",\"@id\":\"https:\/\/bajavip.club\/new-merchant-registration\/\",\"url\":\"https:\/\/bajavip.club\/new-merchant-registration\/\",\"name\":\"Consiga m\u00e1s clientes, aumente las ventas y fidelice a sus clientes con Baja VIP Club Pass - Baja VIP Club\",\"isPartOf\":{\"@id\":\"https:\/\/bajavip.club\/#website\"},\"primaryImageOfPage\":{\"@id\":\"https:\/\/bajavip.club\/new-merchant-registration\/#primaryimage\"},\"image\":{\"@id\":\"https:\/\/bajavip.club\/new-merchant-registration\/#primaryimage\"},\"thumbnailUrl\":\"https:\/\/bajavip.club\/wp-content\/uploads\/2025\/06\/BVC-LOGO-1400x14002-1.png\",\"datePublished\":\"2025-01-18T14:12:39+00:00\",\"dateModified\":\"2025-07-03T16:10:21+00:00\",\"breadcrumb\":{\"@id\":\"https:\/\/bajavip.club\/new-merchant-registration\/#breadcrumb\"},\"inLanguage\":\"es\",\"potentialAction\":[{\"@type\":\"ReadAction\",\"target\":[\"https:\/\/bajavip.club\/new-merchant-registration\/\"]}]},{\"@type\":\"ImageObject\",\"inLanguage\":\"es\",\"@id\":\"https:\/\/bajavip.club\/new-merchant-registration\/#primaryimage\",\"url\":\"https:\/\/bajavip.club\/wp-content\/uploads\/2025\/06\/BVC-LOGO-1400x14002-1.png\",\"contentUrl\":\"https:\/\/bajavip.club\/wp-content\/uploads\/2025\/06\/BVC-LOGO-1400x14002-1.png\",\"width\":700,\"height\":700},{\"@type\":\"BreadcrumbList\",\"@id\":\"https:\/\/bajavip.club\/new-merchant-registration\/#breadcrumb\",\"itemListElement\":[{\"@type\":\"ListItem\",\"position\":1,\"name\":\"Home\",\"item\":\"https:\/\/bajavip.club\/en\/\"},{\"@type\":\"ListItem\",\"position\":2,\"name\":\"Consiga m\u00e1s clientes, aumente las ventas y fidelice a sus clientes con Baja VIP Club Pass\"}]},{\"@type\":\"WebSite\",\"@id\":\"https:\/\/bajavip.club\/#website\",\"url\":\"https:\/\/bajavip.club\/\",\"name\":\"Baja VIP Club\",\"description\":\"Unlock Baja\u2019s Best \u2014 The VIP Way\",\"publisher\":{\"@id\":\"https:\/\/bajavip.club\/#organization\"},\"alternateName\":\"Baja VIP Pass\",\"potentialAction\":[{\"@type\":\"SearchAction\",\"target\":{\"@type\":\"EntryPoint\",\"urlTemplate\":\"https:\/\/bajavip.club\/?s={search_term_string}\"},\"query-input\":{\"@type\":\"PropertyValueSpecification\",\"valueRequired\":true,\"valueName\":\"search_term_string\"}}],\"inLanguage\":\"es\"},{\"@type\":\"Organization\",\"@id\":\"https:\/\/bajavip.club\/#organization\",\"name\":\"Baja VIP Club\",\"alternateName\":\"VIP Club Pass\",\"url\":\"https:\/\/bajavip.club\/\",\"logo\":{\"@type\":\"ImageObject\",\"inLanguage\":\"es\",\"@id\":\"https:\/\/bajavip.club\/#\/schema\/logo\/image\/\",\"url\":\"https:\/\/bajavip.club\/wp-content\/uploads\/2025\/06\/BVC-LOGO-1400x14001-1.jpg\",\"contentUrl\":\"https:\/\/bajavip.club\/wp-content\/uploads\/2025\/06\/BVC-LOGO-1400x14001-1.jpg\",\"width\":1400,\"height\":1400,\"caption\":\"Baja VIP Club\"},\"image\":{\"@id\":\"https:\/\/bajavip.club\/#\/schema\/logo\/image\/\"},\"sameAs\":[\"https:\/\/facebook.com\/bajavipclub.mexico\",\"https:\/\/x.com\/bajavipclub\",\"https:\/\/instagram.com\/bajavipclub\",\"https:\/\/www.youtube.com\/@bajavipclub\",\"https:\/\/www.tiktok.com\/@bajavipclub\"]}]}<\/script>\n<!-- \/ Yoast SEO plugin. -->","yoast_head_json":{"title":"Consiga m\u00e1s clientes, aumente las ventas y fidelice a sus clientes con Baja VIP Club Pass - Baja VIP Club","robots":{"index":"index","follow":"follow","max-snippet":"max-snippet:-1","max-image-preview":"max-image-preview:large","max-video-preview":"max-video-preview:-1"},"canonical":"https:\/\/bajavip.club\/es\/new-merchant-registration\/","og_locale":"es_MX","og_type":"article","og_title":"Consiga m\u00e1s clientes, aumente las ventas y fidelice a sus clientes con Baja VIP Club Pass - Baja VIP Club","og_description":"Register your business and drive more sales now Schedule a call with our marketing experts and we will help you develop the best plan of action using our powerful system that will bring more customers to you &#8211; OR &#8211; just click add your listing now! Schedule a Free Discovery Call with Us Now As [&hellip;]","og_url":"https:\/\/bajavip.club\/es\/new-merchant-registration\/","og_site_name":"Baja VIP Club","article_publisher":"https:\/\/facebook.com\/bajavipclub.mexico","article_modified_time":"2025-07-03T16:10:21+00:00","og_image":[{"width":700,"height":700,"url":"https:\/\/bajavip.club\/wp-content\/uploads\/2025\/06\/BVC-LOGO-1400x14002-1.png","type":"image\/png"}],"twitter_card":"summary_large_image","twitter_site":"@bajavipclub","twitter_misc":{"Tiempo de lectura":"2 minutos"},"schema":{"@context":"https:\/\/schema.org","@graph":[{"@type":"WebPage","@id":"https:\/\/bajavip.club\/new-merchant-registration\/","url":"https:\/\/bajavip.club\/new-merchant-registration\/","name":"Consiga m\u00e1s clientes, aumente las ventas y fidelice a sus clientes con Baja VIP Club Pass - Baja VIP Club","isPartOf":{"@id":"https:\/\/bajavip.club\/#website"},"primaryImageOfPage":{"@id":"https:\/\/bajavip.club\/new-merchant-registration\/#primaryimage"},"image":{"@id":"https:\/\/bajavip.club\/new-merchant-registration\/#primaryimage"},"thumbnailUrl":"https:\/\/bajavip.club\/wp-content\/uploads\/2025\/06\/BVC-LOGO-1400x14002-1.png","datePublished":"2025-01-18T14:12:39+00:00","dateModified":"2025-07-03T16:10:21+00:00","breadcrumb":{"@id":"https:\/\/bajavip.club\/new-merchant-registration\/#breadcrumb"},"inLanguage":"es","potentialAction":[{"@type":"ReadAction","target":["https:\/\/bajavip.club\/new-merchant-registration\/"]}]},{"@type":"ImageObject","inLanguage":"es","@id":"https:\/\/bajavip.club\/new-merchant-registration\/#primaryimage","url":"https:\/\/bajavip.club\/wp-content\/uploads\/2025\/06\/BVC-LOGO-1400x14002-1.png","contentUrl":"https:\/\/bajavip.club\/wp-content\/uploads\/2025\/06\/BVC-LOGO-1400x14002-1.png","width":700,"height":700},{"@type":"BreadcrumbList","@id":"https:\/\/bajavip.club\/new-merchant-registration\/#breadcrumb","itemListElement":[{"@type":"ListItem","position":1,"name":"Home","item":"https:\/\/bajavip.club\/en\/"},{"@type":"ListItem","position":2,"name":"Consiga m\u00e1s clientes, aumente las ventas y fidelice a sus clientes con Baja VIP Club Pass"}]},{"@type":"WebSite","@id":"https:\/\/bajavip.club\/#website","url":"https:\/\/bajavip.club\/","name":"Club Baja VIP","description":"Desbloquea lo mejor de Baja - La manera VIP","publisher":{"@id":"https:\/\/bajavip.club\/#organization"},"alternateName":"Baja VIP Pass","potentialAction":[{"@type":"SearchAction","target":{"@type":"EntryPoint","urlTemplate":"https:\/\/bajavip.club\/?s={search_term_string}"},"query-input":{"@type":"PropertyValueSpecification","valueRequired":true,"valueName":"search_term_string"}}],"inLanguage":"es"},{"@type":"Organization","@id":"https:\/\/bajavip.club\/#organization","name":"Club Baja VIP","alternateName":"VIP Club Pass","url":"https:\/\/bajavip.club\/","logo":{"@type":"ImageObject","inLanguage":"es","@id":"https:\/\/bajavip.club\/#\/schema\/logo\/image\/","url":"https:\/\/bajavip.club\/wp-content\/uploads\/2025\/06\/BVC-LOGO-1400x14001-1.jpg","contentUrl":"https:\/\/bajavip.club\/wp-content\/uploads\/2025\/06\/BVC-LOGO-1400x14001-1.jpg","width":1400,"height":1400,"caption":"Baja VIP Club"},"image":{"@id":"https:\/\/bajavip.club\/#\/schema\/logo\/image\/"},"sameAs":["https:\/\/facebook.com\/bajavipclub.mexico","https:\/\/x.com\/bajavipclub","https:\/\/instagram.com\/bajavipclub","https:\/\/www.youtube.com\/@bajavipclub","https:\/\/www.tiktok.com\/@bajavipclub"]}]}},"_links":{"self":[{"href":"https:\/\/bajavip.club\/es\/wp-json\/wp\/v2\/pages\/129","targetHints":{"allow":["GET"]}}],"collection":[{"href":"https:\/\/bajavip.club\/es\/wp-json\/wp\/v2\/pages"}],"about":[{"href":"https:\/\/bajavip.club\/es\/wp-json\/wp\/v2\/types\/page"}],"author":[{"embeddable":true,"href":"https:\/\/bajavip.club\/es\/wp-json\/wp\/v2\/users\/1"}],"replies":[{"embeddable":true,"href":"https:\/\/bajavip.club\/es\/wp-json\/wp\/v2\/comments?post=129"}],"version-history":[{"count":0,"href":"https:\/\/bajavip.club\/es\/wp-json\/wp\/v2\/pages\/129\/revisions"}],"wp:featuredmedia":[{"embeddable":true,"href":"https:\/\/bajavip.club\/es\/wp-json\/wp\/v2\/media\/2481"}],"wp:attachment":[{"href":"https:\/\/bajavip.club\/es\/wp-json\/wp\/v2\/media?parent=129"}],"curies":[{"name":"wp","href":"https:\/\/api.w.org\/{rel}","templated":true}]}}